{"id":35142,"date":"2023-02-13T11:25:03","date_gmt":"2023-02-13T16:25:03","guid":{"rendered":"https:\/\/massomasso.com\/contact-appointments\/"},"modified":"2025-11-17T18:13:16","modified_gmt":"2025-11-17T23:13:16","slug":"contact-appointments","status":"publish","type":"page","link":"https:\/\/massomasso.com\/en\/contact-appointments\/","title":{"rendered":"Contact &amp; Appointments"},"content":{"rendered":"\t\t<div data-elementor-type=\"wp-page\" data-elementor-id=\"35142\" class=\"elementor elementor-35142 elementor-18\">\n\t\t\t\t<div class=\"elementor-element elementor-element-139bb913 e-flex e-con-boxed e-con e-parent\" data-id=\"139bb913\" data-element_type=\"container\" data-settings=\"{&quot;background_background&quot;:&quot;classic&quot;}\">\n\t\t\t\t\t<div class=\"e-con-inner\">\n\t\t\t\t<div class=\"elementor-element elementor-element-348122c6 elementor-widget-mobile__width-inherit elementor-widget elementor-widget-heading\" data-id=\"348122c6\" data-element_type=\"widget\" data-widget_type=\"heading.default\">\n\t\t\t\t<div class=\"elementor-widget-container\">\n\t\t\t<h2 class=\"elementor-heading-title elementor-size-default\">Cancellation Policy<\/h2>\t\t<\/div>\n\t\t\t\t<\/div>\n\t\t\t\t<div class=\"elementor-element elementor-element-291f93fd elementor-widget elementor-widget-text-editor\" data-id=\"291f93fd\" data-element_type=\"widget\" data-widget_type=\"text-editor.default\">\n\t\t\t\t<div class=\"elementor-widget-container\">\n\t\t\t\t\t\t\tBefore making an appointment, we invite you to read our cancellation policy.\t\t\t\t\t\t<\/div>\n\t\t\t\t<\/div>\n\t\t<div class=\"elementor-element elementor-element-5357705a e-con-full e-flex e-con e-child\" data-id=\"5357705a\" data-element_type=\"container\">\n\t\t\t\t<div class=\"elementor-element elementor-element-78429558 elementor-align-left elementor-widget__width-auto elementor-mobile-align-center elementor-widget-mobile__width-inherit elementor-widget elementor-widget-button\" data-id=\"78429558\" data-element_type=\"widget\" data-widget_type=\"button.default\">\n\t\t\t\t<div class=\"elementor-widget-container\">\n\t\t\t\t\t<div class=\"elementor-button-wrapper\">\n\t\t\t<a class=\"elementor-button elementor-button-link elementor-size-sm\" href=\"\/en\/contact-appointments\/#faq\">\n\t\t\t\t\t\t<span class=\"elementor-button-content-wrapper\">\n\t\t\t\t\t\t\t\t\t<span class=\"elementor-button-text\">Learn more<\/span>\n\t\t\t\t\t<\/span>\n\t\t\t\t\t<\/a>\n\t\t<\/div>\n\t\t\t\t<\/div>\n\t\t\t\t<\/div>\n\t\t\t\t<\/div>\n\t\t\t\t\t<\/div>\n\t\t\t\t<\/div>\n\t\t<div class=\"elementor-element elementor-element-b4f3b60 e-flex e-con-boxed e-con e-parent\" data-id=\"b4f3b60\" data-element_type=\"container\" data-settings=\"{&quot;background_background&quot;:&quot;classic&quot;}\">\n\t\t\t\t\t<div class=\"e-con-inner\">\n\t\t<div class=\"elementor-element elementor-element-50b63ba e-con-full e-flex e-con e-child\" data-id=\"50b63ba\" data-element_type=\"container\">\n\t\t\t\t<div class=\"elementor-element elementor-element-cfbb2f6 elementor-widget__width-initial elementor-widget elementor-widget-heading\" data-id=\"cfbb2f6\" data-element_type=\"widget\" data-widget_type=\"heading.default\">\n\t\t\t\t<div class=\"elementor-widget-container\">\n\t\t\t<h1 class=\"elementor-heading-title elementor-size-default\">Book an Appointment<\/h1>\t\t<\/div>\n\t\t\t\t<\/div>\n\t\t\t\t<div class=\"elementor-element elementor-element-ace168a elementor-widget__width-inherit elementor-widget elementor-widget-text-editor\" data-id=\"ace168a\" data-element_type=\"widget\" data-widget_type=\"text-editor.default\">\n\t\t\t\t<div class=\"elementor-widget-container\">\n\t\t\t\t\t\t\tSince October 2025, Viviane Archambault-Lavigne has been on maternity leave and her practice is now offered by massage therapist St\u00e9phanie Lutfy. To book an appointment, please click the button below (Go Rendez-vous). Thank you.\n\t\t\t\t\t\t<\/div>\n\t\t\t\t<\/div>\n\t\t<div class=\"elementor-element elementor-element-0649656 e-con-full e-flex e-con e-child\" data-id=\"0649656\" data-element_type=\"container\">\n\t\t\t\t<div class=\"elementor-element elementor-element-0c2760b elementor-align-left elementor-widget__width-auto elementor-mobile-align-center elementor-widget-mobile__width-inherit elementor-widget elementor-widget-button\" data-id=\"0c2760b\" data-element_type=\"widget\" data-widget_type=\"button.default\">\n\t\t\t\t<div class=\"elementor-widget-container\">\n\t\t\t\t\t<div class=\"elementor-button-wrapper\">\n\t\t\t<a class=\"elementor-button elementor-button-link elementor-size-sm\" href=\"https:\/\/www.gorendezvous.com\/en\/StephanieLutfyMassotherapeute\/\" target=\"_blank\">\n\t\t\t\t\t\t<span class=\"elementor-button-content-wrapper\">\n\t\t\t\t\t\t\t\t\t<span class=\"elementor-button-text\">Book an Appointment<\/span>\n\t\t\t\t\t<\/span>\n\t\t\t\t\t<\/a>\n\t\t<\/div>\n\t\t\t\t<\/div>\n\t\t\t\t<\/div>\n\t\t\t\t<\/div>\n\t\t\t\t<\/div>\n\t\t\t\t\t<\/div>\n\t\t\t\t<\/div>\n\t\t<div class=\"elementor-element elementor-element-f2e45e9 elementor-hidden-desktop elementor-hidden-laptop elementor-hidden-tablet elementor-hidden-mobile e-flex e-con-boxed e-con e-parent\" data-id=\"f2e45e9\" data-element_type=\"container\">\n\t\t\t\t\t<div class=\"e-con-inner\">\n\t\t\t\t<div class=\"elementor-element elementor-element-db51315 elementor-widget elementor-widget-html\" data-id=\"db51315\" data-element_type=\"widget\" data-widget_type=\"html.default\">\n\t\t\t\t<div class=\"elementor-widget-container\">\n\t\t\t<!-- D\u00e9but de widget en ligne Calendly -->\n<div class=\"calendly-inline-widget\" data-url=\"https:\/\/calendly.com\/massomasso?primary_color=bba096\" style=\"min-width:320px;height:1200px;\"><\/div>\n<script type=\"text\/javascript\" src=\"https:\/\/assets.calendly.com\/assets\/external\/widget.js\" async=\"\"><\/script>\n<!-- Fin de widget en ligne Calendly -->\t\t<\/div>\n\t\t\t\t<\/div>\n\t\t\t\t<div class=\"elementor-element elementor-element-c348f9a elementor-widget elementor-widget-text-editor\" data-id=\"c348f9a\" data-element_type=\"widget\" data-widget_type=\"text-editor.default\">\n\t\t\t\t<div class=\"elementor-widget-container\">\n\t\t\t\t\t\t\t<p>Le centre de bien-\u00eatre est situ\u00e9 dans le <em>Centre sant\u00e9 sourire<\/em>. Elevator available. Cash, credit, debit, Interac transfer.<\/p>\n<p><a href=\"https:\/\/maps.app.goo.gl\/n8vtqqHL7k13ygtE8\" target=\"_blank\" rel=\"noopener\">5773 Av. Bannantyne, Verdun, QC H4H 1H2<\/a><\/p>\n<p><a href=\"tel:+15147674070\">514 767-4070 #289<\/a> &#8211; <a href=\"mailto:info@massomasso.com\">info@massomasso.com<\/a><\/p>\n\t\t\t\t\t\t<\/div>\n\t\t\t\t<\/div>\n\t\t\t\t\t<\/div>\n\t\t\t\t<\/div>\n\t\t<div class=\"elementor-element elementor-element-d50c426 e-flex e-con-boxed e-con e-parent\" data-id=\"d50c426\" data-element_type=\"container\" id=\"faq\">\n\t\t\t\t\t<div class=\"e-con-inner\">\n\t\t<div class=\"elementor-element elementor-element-cfe5120 e-con-full e-flex e-con e-child\" data-id=\"cfe5120\" data-element_type=\"container\">\n\t\t\t\t<div class=\"elementor-element elementor-element-6d32a8a elementor-widget__width-initial elementor-widget elementor-widget-heading\" data-id=\"6d32a8a\" data-element_type=\"widget\" data-widget_type=\"heading.default\">\n\t\t\t\t<div class=\"elementor-widget-container\">\n\t\t\t<h2 class=\"elementor-heading-title elementor-size-default\">F.A.Q<\/h2>\t\t<\/div>\n\t\t\t\t<\/div>\n\t\t\t\t<div class=\"elementor-element elementor-element-b238173 elementor-widget elementor-widget-accordion\" data-id=\"b238173\" data-element_type=\"widget\" data-widget_type=\"accordion.default\">\n\t\t\t\t<div class=\"elementor-widget-container\">\n\t\t\t\t\t<div class=\"elementor-accordion\">\n\t\t\t\t\t\t\t<div class=\"elementor-accordion-item\">\n\t\t\t\t\t<div id=\"elementor-tab-title-1861\" class=\"elementor-tab-title\" data-tab=\"1\" role=\"button\" aria-controls=\"elementor-tab-content-1861\" aria-expanded=\"false\">\n\t\t\t\t\t\t\t\t\t\t\t\t\t<span class=\"elementor-accordion-icon elementor-accordion-icon-right\" aria-hidden=\"true\">\n\t\t\t\t\t\t\t\t\t\t\t\t\t\t\t<span class=\"elementor-accordion-icon-closed\"><svg class=\"e-font-icon-svg e-fas-plus\" viewBox=\"0 0 448 512\" xmlns=\"http:\/\/www.w3.org\/2000\/svg\"><path d=\"M416 208H272V64c0-17.67-14.33-32-32-32h-32c-17.67 0-32 14.33-32 32v144H32c-17.67 0-32 14.33-32 32v32c0 17.67 14.33 32 32 32h144v144c0 17.67 14.33 32 32 32h32c17.67 0 32-14.33 32-32V304h144c17.67 0 32-14.33 32-32v-32c0-17.67-14.33-32-32-32z\"><\/path><\/svg><\/span>\n\t\t\t\t\t\t\t\t<span class=\"elementor-accordion-icon-opened\"><svg class=\"e-font-icon-svg e-fas-minus\" viewBox=\"0 0 448 512\" xmlns=\"http:\/\/www.w3.org\/2000\/svg\"><path d=\"M416 208H32c-17.67 0-32 14.33-32 32v32c0 17.67 14.33 32 32 32h384c17.67 0 32-14.33 32-32v-32c0-17.67-14.33-32-32-32z\"><\/path><\/svg><\/span>\n\t\t\t\t\t\t\t\t\t\t\t\t\t\t<\/span>\n\t\t\t\t\t\t\t\t\t\t\t\t<a class=\"elementor-accordion-title\" tabindex=\"0\">What is the cancellation policy for a massage?<\/a>\n\t\t\t\t\t<\/div>\n\t\t\t\t\t<div id=\"elementor-tab-content-1861\" class=\"elementor-tab-content elementor-clearfix\" data-tab=\"1\" role=\"region\" aria-labelledby=\"elementor-tab-title-1861\"><p>You can cancel your appointment free of charge up to 24 hours before the scheduled date. After this time, cancellation fees apply for the full cost of the booked treatment.<\/p><\/div>\n\t\t\t\t<\/div>\n\t\t\t\t\t\t\t\t<\/div>\n\t\t\t\t<\/div>\n\t\t\t\t<\/div>\n\t\t\t\t<div class=\"elementor-element elementor-element-df8f854 elementor-widget elementor-widget-toggle\" data-id=\"df8f854\" data-element_type=\"widget\" data-widget_type=\"toggle.default\">\n\t\t\t\t<div class=\"elementor-widget-container\">\n\t\t\t\t\t<div class=\"elementor-toggle\">\n\t\t\t\t\t\t\t<div class=\"elementor-toggle-item\">\n\t\t\t\t\t<div id=\"elementor-tab-title-2341\" class=\"elementor-tab-title\" data-tab=\"1\" role=\"button\" aria-controls=\"elementor-tab-content-2341\" aria-expanded=\"false\">\n\t\t\t\t\t\t\t\t\t\t\t\t<span class=\"elementor-toggle-icon elementor-toggle-icon-right\" aria-hidden=\"true\">\n\t\t\t\t\t\t\t\t\t\t\t\t\t\t\t<span class=\"elementor-toggle-icon-closed\"><svg class=\"e-font-icon-svg e-fas-plus\" viewBox=\"0 0 448 512\" xmlns=\"http:\/\/www.w3.org\/2000\/svg\"><path d=\"M416 208H272V64c0-17.67-14.33-32-32-32h-32c-17.67 0-32 14.33-32 32v144H32c-17.67 0-32 14.33-32 32v32c0 17.67 14.33 32 32 32h144v144c0 17.67 14.33 32 32 32h32c17.67 0 32-14.33 32-32V304h144c17.67 0 32-14.33 32-32v-32c0-17.67-14.33-32-32-32z\"><\/path><\/svg><\/span>\n\t\t\t\t\t\t\t\t<span class=\"elementor-toggle-icon-opened\"><svg class=\"elementor-toggle-icon-opened e-font-icon-svg e-fas-minus\" viewBox=\"0 0 448 512\" xmlns=\"http:\/\/www.w3.org\/2000\/svg\"><path d=\"M416 208H32c-17.67 0-32 14.33-32 32v32c0 17.67 14.33 32 32 32h384c17.67 0 32-14.33 32-32v-32c0-17.67-14.33-32-32-32z\"><\/path><\/svg><\/span>\n\t\t\t\t\t\t\t\t\t\t\t\t\t<\/span>\n\t\t\t\t\t\t\t\t\t\t\t\t<a class=\"elementor-toggle-title\" tabindex=\"0\">What are the opening hours?<\/a>\n\t\t\t\t\t<\/div>\n\n\t\t\t\t\t<div id=\"elementor-tab-content-2341\" class=\"elementor-tab-content elementor-clearfix\" data-tab=\"1\" role=\"region\" aria-labelledby=\"elementor-tab-title-2341\"><p>Monday to Friday, 8am to 5pm. Schedules may vary according to demand and therapist availability.<\/p><\/div>\n\t\t\t\t<\/div>\n\t\t\t\t\t\t\t\t<\/div>\n\t\t\t\t<\/div>\n\t\t\t\t<\/div>\n\t\t\t\t<div class=\"elementor-element elementor-element-4c277fd elementor-widget elementor-widget-toggle\" data-id=\"4c277fd\" data-element_type=\"widget\" data-widget_type=\"toggle.default\">\n\t\t\t\t<div class=\"elementor-widget-container\">\n\t\t\t\t\t<div class=\"elementor-toggle\">\n\t\t\t\t\t\t\t<div class=\"elementor-toggle-item\">\n\t\t\t\t\t<div id=\"elementor-tab-title-7981\" class=\"elementor-tab-title\" data-tab=\"1\" role=\"button\" aria-controls=\"elementor-tab-content-7981\" aria-expanded=\"false\">\n\t\t\t\t\t\t\t\t\t\t\t\t<span class=\"elementor-toggle-icon elementor-toggle-icon-right\" aria-hidden=\"true\">\n\t\t\t\t\t\t\t\t\t\t\t\t\t\t\t<span class=\"elementor-toggle-icon-closed\"><svg class=\"e-font-icon-svg e-fas-plus\" viewBox=\"0 0 448 512\" xmlns=\"http:\/\/www.w3.org\/2000\/svg\"><path d=\"M416 208H272V64c0-17.67-14.33-32-32-32h-32c-17.67 0-32 14.33-32 32v144H32c-17.67 0-32 14.33-32 32v32c0 17.67 14.33 32 32 32h144v144c0 17.67 14.33 32 32 32h32c17.67 0 32-14.33 32-32V304h144c17.67 0 32-14.33 32-32v-32c0-17.67-14.33-32-32-32z\"><\/path><\/svg><\/span>\n\t\t\t\t\t\t\t\t<span class=\"elementor-toggle-icon-opened\"><svg class=\"elementor-toggle-icon-opened e-font-icon-svg e-fas-minus\" viewBox=\"0 0 448 512\" xmlns=\"http:\/\/www.w3.org\/2000\/svg\"><path d=\"M416 208H32c-17.67 0-32 14.33-32 32v32c0 17.67 14.33 32 32 32h384c17.67 0 32-14.33 32-32v-32c0-17.67-14.33-32-32-32z\"><\/path><\/svg><\/span>\n\t\t\t\t\t\t\t\t\t\t\t\t\t<\/span>\n\t\t\t\t\t\t\t\t\t\t\t\t<a class=\"elementor-toggle-title\" tabindex=\"0\">Do the massage prices shown include tips?<\/a>\n\t\t\t\t\t<\/div>\n\n\t\t\t\t\t<div id=\"elementor-tab-content-7981\" class=\"elementor-tab-content elementor-clearfix\" data-tab=\"1\" role=\"region\" aria-labelledby=\"elementor-tab-title-7981\"><p>Price does not include taxes or gratuities.<\/p>\n<\/div>\n\t\t\t\t<\/div>\n\t\t\t\t\t\t\t\t<\/div>\n\t\t\t\t<\/div>\n\t\t\t\t<\/div>\n\t\t\t\t<div class=\"elementor-element elementor-element-2c8f5f4 elementor-widget elementor-widget-toggle\" data-id=\"2c8f5f4\" data-element_type=\"widget\" data-widget_type=\"toggle.default\">\n\t\t\t\t<div class=\"elementor-widget-container\">\n\t\t\t\t\t<div class=\"elementor-toggle\">\n\t\t\t\t\t\t\t<div class=\"elementor-toggle-item\">\n\t\t\t\t\t<div id=\"elementor-tab-title-4671\" class=\"elementor-tab-title\" data-tab=\"1\" role=\"button\" aria-controls=\"elementor-tab-content-4671\" aria-expanded=\"false\">\n\t\t\t\t\t\t\t\t\t\t\t\t<span class=\"elementor-toggle-icon elementor-toggle-icon-right\" aria-hidden=\"true\">\n\t\t\t\t\t\t\t\t\t\t\t\t\t\t\t<span class=\"elementor-toggle-icon-closed\"><svg class=\"e-font-icon-svg e-fas-plus\" viewBox=\"0 0 448 512\" xmlns=\"http:\/\/www.w3.org\/2000\/svg\"><path d=\"M416 208H272V64c0-17.67-14.33-32-32-32h-32c-17.67 0-32 14.33-32 32v144H32c-17.67 0-32 14.33-32 32v32c0 17.67 14.33 32 32 32h144v144c0 17.67 14.33 32 32 32h32c17.67 0 32-14.33 32-32V304h144c17.67 0 32-14.33 32-32v-32c0-17.67-14.33-32-32-32z\"><\/path><\/svg><\/span>\n\t\t\t\t\t\t\t\t<span class=\"elementor-toggle-icon-opened\"><svg class=\"elementor-toggle-icon-opened e-font-icon-svg e-fas-minus\" viewBox=\"0 0 448 512\" xmlns=\"http:\/\/www.w3.org\/2000\/svg\"><path d=\"M416 208H32c-17.67 0-32 14.33-32 32v32c0 17.67 14.33 32 32 32h384c17.67 0 32-14.33 32-32v-32c0-17.67-14.33-32-32-32z\"><\/path><\/svg><\/span>\n\t\t\t\t\t\t\t\t\t\t\t\t\t<\/span>\n\t\t\t\t\t\t\t\t\t\t\t\t<a class=\"elementor-toggle-title\" tabindex=\"0\">Can a pregnant person receive massage therapy?<\/a>\n\t\t\t\t\t<\/div>\n\n\t\t\t\t\t<div id=\"elementor-tab-content-4671\" class=\"elementor-tab-content elementor-clearfix\" data-tab=\"1\" role=\"region\" aria-labelledby=\"elementor-tab-title-4671\"><p>Yes, but only after the first trimester. Before this time, it will not be possible to make an appointment.<\/p>\n<\/div>\n\t\t\t\t<\/div>\n\t\t\t\t\t\t\t\t<\/div>\n\t\t\t\t<\/div>\n\t\t\t\t<\/div>\n\t\t\t\t<div class=\"elementor-element elementor-element-4e0137b elementor-widget elementor-widget-toggle\" data-id=\"4e0137b\" data-element_type=\"widget\" data-widget_type=\"toggle.default\">\n\t\t\t\t<div class=\"elementor-widget-container\">\n\t\t\t\t\t<div class=\"elementor-toggle\">\n\t\t\t\t\t\t\t<div class=\"elementor-toggle-item\">\n\t\t\t\t\t<div id=\"elementor-tab-title-8171\" class=\"elementor-tab-title\" data-tab=\"1\" role=\"button\" aria-controls=\"elementor-tab-content-8171\" aria-expanded=\"false\">\n\t\t\t\t\t\t\t\t\t\t\t\t<span class=\"elementor-toggle-icon elementor-toggle-icon-right\" aria-hidden=\"true\">\n\t\t\t\t\t\t\t\t\t\t\t\t\t\t\t<span class=\"elementor-toggle-icon-closed\"><svg class=\"e-font-icon-svg e-fas-plus\" viewBox=\"0 0 448 512\" xmlns=\"http:\/\/www.w3.org\/2000\/svg\"><path d=\"M416 208H272V64c0-17.67-14.33-32-32-32h-32c-17.67 0-32 14.33-32 32v144H32c-17.67 0-32 14.33-32 32v32c0 17.67 14.33 32 32 32h144v144c0 17.67 14.33 32 32 32h32c17.67 0 32-14.33 32-32V304h144c17.67 0 32-14.33 32-32v-32c0-17.67-14.33-32-32-32z\"><\/path><\/svg><\/span>\n\t\t\t\t\t\t\t\t<span class=\"elementor-toggle-icon-opened\"><svg class=\"elementor-toggle-icon-opened e-font-icon-svg e-fas-minus\" viewBox=\"0 0 448 512\" xmlns=\"http:\/\/www.w3.org\/2000\/svg\"><path d=\"M416 208H32c-17.67 0-32 14.33-32 32v32c0 17.67 14.33 32 32 32h384c17.67 0 32-14.33 32-32v-32c0-17.67-14.33-32-32-32z\"><\/path><\/svg><\/span>\n\t\t\t\t\t\t\t\t\t\t\t\t\t<\/span>\n\t\t\t\t\t\t\t\t\t\t\t\t<a class=\"elementor-toggle-title\" tabindex=\"0\">Will an insurance receipt be issued for massage and physiotherapy treatments?<\/a>\n\t\t\t\t\t<\/div>\n\n\t\t\t\t\t<div id=\"elementor-tab-content-8171\" class=\"elementor-tab-content elementor-clearfix\" data-tab=\"1\" role=\"region\" aria-labelledby=\"elementor-tab-title-8171\"><p>Yes, I&#8217;m affiliated with the Alliance des massoth\u00e9rapeutes du Qu\u00e9bec.<\/p>\n<\/div>\n\t\t\t\t<\/div>\n\t\t\t\t\t\t\t\t<\/div>\n\t\t\t\t<\/div>\n\t\t\t\t<\/div>\n\t\t\t\t<\/div>\n\t\t\t\t\t<\/div>\n\t\t\t\t<\/div>\n\t\t<div class=\"elementor-element elementor-element-6116d22 e-con-full e-flex e-con e-parent\" data-id=\"6116d22\" data-element_type=\"container\" data-settings=\"{&quot;background_background&quot;:&quot;classic&quot;}\">\n\t\t<div class=\"elementor-element elementor-element-16aa569 e-con-full e-flex e-con e-child\" data-id=\"16aa569\" data-element_type=\"container\">\n\t\t\t\t<div class=\"elementor-element elementor-element-d705184 elementor-widget elementor-widget-html\" data-id=\"d705184\" data-element_type=\"widget\" data-widget_type=\"html.default\">\n\t\t\t\t<div class=\"elementor-widget-container\">\n\t\t\t<iframe src=\"https:\/\/www.google.com\/maps\/embed?pb=!1m14!1m8!1m3!1d12536.7999582026!2d-73.58285658094633!3d45.45103550511083!3m2!1i1024!2i768!4f13.1!3m3!1m2!1s0x4cc911d3525c07c3%3A0x7c6459e1ba4f3bdb!2sMasso%20Masso!5e1!3m2!1sfr!2sca!4v1757634381896!5m2!1sfr!2sca\" width=\"100%\" height=\"450\" style=\"border:0;\" allowfullscreen=\"\" loading=\"lazy\" referrerpolicy=\"no-referrer-when-downgrade\"><\/iframe>\t\t<\/div>\n\t\t\t\t<\/div>\n\t\t\t\t<\/div>\n\t\t\t\t<\/div>\n\t\t\t\t<\/div>\n\t\t","protected":false},"excerpt":{"rendered":"<p>Cancellation Policy Before making an appointment, we invite you to read our cancellation policy. Learn more Book an Appointment Since &hellip; <\/p>\n","protected":false},"author":1,"featured_media":0,"parent":0,"menu_order":0,"comment_status":"closed","ping_status":"closed","template":"elementor_header_footer","meta":{"_coachify_sidebar_layout":"","footnotes":""},"class_list":["post-35142","page","type-page","status-publish","hentry","image-hover-transition-effect"],"yoast_head":"<!-- This site is optimized with the Yoast SEO plugin v23.4 - https:\/\/yoast.com\/wordpress\/plugins\/seo\/ -->\n<title>Contact &amp; Appointments - Masso Masso | Viviane Archambault-Lavigne Massoth\u00e9rapeute<\/title>\n<meta name=\"robots\" content=\"index, follow, max-snippet:-1, max-image-preview:large, max-video-preview:-1\" \/>\n<link rel=\"canonical\" href=\"https:\/\/massomasso.com\/en\/contact-appointments\/\" \/>\n<meta property=\"og:locale\" content=\"en_US\" \/>\n<meta property=\"og:type\" content=\"article\" \/>\n<meta property=\"og:title\" content=\"Contact &amp; Appointments - Masso Masso | Viviane Archambault-Lavigne Massoth\u00e9rapeute\" \/>\n<meta property=\"og:description\" content=\"Cancellation Policy Before making an appointment, we invite you to read our cancellation policy. Learn more Book an Appointment Since &hellip;\" \/>\n<meta property=\"og:url\" content=\"https:\/\/massomasso.com\/en\/contact-appointments\/\" \/>\n<meta property=\"og:site_name\" content=\"Masso Masso | Viviane Archambault-Lavigne Massoth\u00e9rapeute\" \/>\n<meta property=\"article:modified_time\" content=\"2025-11-17T23:13:16+00:00\" \/>\n<meta name=\"twitter:card\" content=\"summary_large_image\" \/>\n<meta name=\"twitter:label1\" content=\"Est. reading time\" \/>\n\t<meta name=\"twitter:data1\" content=\"1 minute\" \/>\n<script type=\"application\/ld+json\" class=\"yoast-schema-graph\">{\"@context\":\"https:\/\/schema.org\",\"@graph\":[{\"@type\":\"WebPage\",\"@id\":\"https:\/\/massomasso.com\/en\/contact-appointments\/\",\"url\":\"https:\/\/massomasso.com\/en\/contact-appointments\/\",\"name\":\"Contact &amp; Appointments - Masso Masso | Viviane Archambault-Lavigne Massoth\u00e9rapeute\",\"isPartOf\":{\"@id\":\"https:\/\/massomasso.com\/#website\"},\"datePublished\":\"2023-02-13T16:25:03+00:00\",\"dateModified\":\"2025-11-17T23:13:16+00:00\",\"breadcrumb\":{\"@id\":\"https:\/\/massomasso.com\/en\/contact-appointments\/#breadcrumb\"},\"inLanguage\":\"en-US\",\"potentialAction\":[{\"@type\":\"ReadAction\",\"target\":[\"https:\/\/massomasso.com\/en\/contact-appointments\/\"]}]},{\"@type\":\"BreadcrumbList\",\"@id\":\"https:\/\/massomasso.com\/en\/contact-appointments\/#breadcrumb\",\"itemListElement\":[{\"@type\":\"ListItem\",\"position\":1,\"name\":\"Home\",\"item\":\"https:\/\/massomasso.com\/en\/\"},{\"@type\":\"ListItem\",\"position\":2,\"name\":\"Contact &amp; Appointments\"}]},{\"@type\":\"WebSite\",\"@id\":\"https:\/\/massomasso.com\/#website\",\"url\":\"https:\/\/massomasso.com\/\",\"name\":\"Masso Masso | Viviane Archambault-Lavigne Massoth\u00e9rapeute\",\"description\":\"\",\"publisher\":{\"@id\":\"https:\/\/massomasso.com\/#organization\"},\"potentialAction\":[{\"@type\":\"SearchAction\",\"target\":{\"@type\":\"EntryPoint\",\"urlTemplate\":\"https:\/\/massomasso.com\/?s={search_term_string}\"},\"query-input\":{\"@type\":\"PropertyValueSpecification\",\"valueRequired\":true,\"valueName\":\"search_term_string\"}}],\"inLanguage\":\"en-US\"},{\"@type\":\"Organization\",\"@id\":\"https:\/\/massomasso.com\/#organization\",\"name\":\"Masso Masso | Viviane Archambault-Lavigne Massoth\u00e9rapeute\",\"url\":\"https:\/\/massomasso.com\/\",\"logo\":{\"@type\":\"ImageObject\",\"inLanguage\":\"en-US\",\"@id\":\"https:\/\/massomasso.com\/#\/schema\/logo\/image\/\",\"url\":\"https:\/\/massomasso.com\/wp-content\/uploads\/2024\/04\/cropped-Artboard-1.png\",\"contentUrl\":\"https:\/\/massomasso.com\/wp-content\/uploads\/2024\/04\/cropped-Artboard-1.png\",\"width\":251,\"height\":98,\"caption\":\"Masso Masso | Viviane Archambault-Lavigne Massoth\u00e9rapeute\"},\"image\":{\"@id\":\"https:\/\/massomasso.com\/#\/schema\/logo\/image\/\"}}]}<\/script>\n<!-- \/ Yoast SEO plugin. -->","yoast_head_json":{"title":"Contact &amp; Appointments - Masso Masso | Viviane Archambault-Lavigne Massoth\u00e9rapeute","robots":{"index":"index","follow":"follow","max-snippet":"max-snippet:-1","max-image-preview":"max-image-preview:large","max-video-preview":"max-video-preview:-1"},"canonical":"https:\/\/massomasso.com\/en\/contact-appointments\/","og_locale":"en_US","og_type":"article","og_title":"Contact &amp; Appointments - Masso Masso | Viviane Archambault-Lavigne Massoth\u00e9rapeute","og_description":"Cancellation Policy Before making an appointment, we invite you to read our cancellation policy. Learn more Book an Appointment Since &hellip;","og_url":"https:\/\/massomasso.com\/en\/contact-appointments\/","og_site_name":"Masso Masso | Viviane Archambault-Lavigne Massoth\u00e9rapeute","article_modified_time":"2025-11-17T23:13:16+00:00","twitter_card":"summary_large_image","twitter_misc":{"Est. reading time":"1 minute"},"schema":{"@context":"https:\/\/schema.org","@graph":[{"@type":"WebPage","@id":"https:\/\/massomasso.com\/en\/contact-appointments\/","url":"https:\/\/massomasso.com\/en\/contact-appointments\/","name":"Contact &amp; Appointments - Masso Masso | Viviane Archambault-Lavigne Massoth\u00e9rapeute","isPartOf":{"@id":"https:\/\/massomasso.com\/#website"},"datePublished":"2023-02-13T16:25:03+00:00","dateModified":"2025-11-17T23:13:16+00:00","breadcrumb":{"@id":"https:\/\/massomasso.com\/en\/contact-appointments\/#breadcrumb"},"inLanguage":"en-US","potentialAction":[{"@type":"ReadAction","target":["https:\/\/massomasso.com\/en\/contact-appointments\/"]}]},{"@type":"BreadcrumbList","@id":"https:\/\/massomasso.com\/en\/contact-appointments\/#breadcrumb","itemListElement":[{"@type":"ListItem","position":1,"name":"Home","item":"https:\/\/massomasso.com\/en\/"},{"@type":"ListItem","position":2,"name":"Contact &amp; Appointments"}]},{"@type":"WebSite","@id":"https:\/\/massomasso.com\/#website","url":"https:\/\/massomasso.com\/","name":"Masso Masso | Viviane Archambault-Lavigne Massoth\u00e9rapeute","description":"","publisher":{"@id":"https:\/\/massomasso.com\/#organization"},"potentialAction":[{"@type":"SearchAction","target":{"@type":"EntryPoint","urlTemplate":"https:\/\/massomasso.com\/?s={search_term_string}"},"query-input":{"@type":"PropertyValueSpecification","valueRequired":true,"valueName":"search_term_string"}}],"inLanguage":"en-US"},{"@type":"Organization","@id":"https:\/\/massomasso.com\/#organization","name":"Masso Masso | Viviane Archambault-Lavigne Massoth\u00e9rapeute","url":"https:\/\/massomasso.com\/","logo":{"@type":"ImageObject","inLanguage":"en-US","@id":"https:\/\/massomasso.com\/#\/schema\/logo\/image\/","url":"https:\/\/massomasso.com\/wp-content\/uploads\/2024\/04\/cropped-Artboard-1.png","contentUrl":"https:\/\/massomasso.com\/wp-content\/uploads\/2024\/04\/cropped-Artboard-1.png","width":251,"height":98,"caption":"Masso Masso | Viviane Archambault-Lavigne Massoth\u00e9rapeute"},"image":{"@id":"https:\/\/massomasso.com\/#\/schema\/logo\/image\/"}}]}},"_links":{"self":[{"href":"https:\/\/massomasso.com\/en\/wp-json\/wp\/v2\/pages\/35142"}],"collection":[{"href":"https:\/\/massomasso.com\/en\/wp-json\/wp\/v2\/pages"}],"about":[{"href":"https:\/\/massomasso.com\/en\/wp-json\/wp\/v2\/types\/page"}],"author":[{"embeddable":true,"href":"https:\/\/massomasso.com\/en\/wp-json\/wp\/v2\/users\/1"}],"replies":[{"embeddable":true,"href":"https:\/\/massomasso.com\/en\/wp-json\/wp\/v2\/comments?post=35142"}],"version-history":[{"count":61,"href":"https:\/\/massomasso.com\/en\/wp-json\/wp\/v2\/pages\/35142\/revisions"}],"predecessor-version":[{"id":35575,"href":"https:\/\/massomasso.com\/en\/wp-json\/wp\/v2\/pages\/35142\/revisions\/35575"}],"wp:attachment":[{"href":"https:\/\/massomasso.com\/en\/wp-json\/wp\/v2\/media?parent=35142"}],"curies":[{"name":"wp","href":"https:\/\/api.w.org\/{rel}","templated":true}]}}